{"id":291,"date":"2024-02-07T22:35:54","date_gmt":"2024-02-07T22:35:54","guid":{"rendered":"http:\/\/ungarn-immobilien.the-visitor.de\/?page_id=291"},"modified":"2024-02-07T22:35:54","modified_gmt":"2024-02-07T22:35:54","slug":"offizielle-steuerinformationen-aus-ungarn","status":"publish","type":"page","link":"https:\/\/ungarn-immobilien.the-visitor.de\/?page_id=291","title":{"rendered":"Offizielle Steuerinformationen aus Ungarn !"},"content":{"rendered":"<h2 align=\"LEFT\"><img loading=\"lazy\" decoding=\"async\" class=\"alignnone size-medium wp-image-286\" src=\"http:\/\/ungarn-immobilien.the-visitor.de\/wp-content\/uploads\/2024\/02\/BB1hpy1K-300x150.webp\" alt=\"\" width=\"300\" height=\"150\" srcset=\"https:\/\/ungarn-immobilien.the-visitor.de\/wp-content\/uploads\/2024\/02\/BB1hpy1K-300x150.webp 300w, https:\/\/ungarn-immobilien.the-visitor.de\/wp-content\/uploads\/2024\/02\/BB1hpy1K.webp 768w\" sizes=\"auto, (max-width: 300px) 100vw, 300px\" \/><\/h2>\n<h2 class=\"western\" align=\"LEFT\"><strong><span style=\"color: #000000;\"><span style=\"font-family: Arial, sans-serif;\"><span style=\"font-size: medium;\">Ihr sicheres neues zu Hause in Ungarn.<br \/>\nMittelosteuropa, Ungarn erlebt einen finanziellen Schub durch gro\u00dfe Investitionen. Gro\u00dfe Unternehmen sind bereits schon dort<br \/>\nES WIRD WOHL AUCH DIE INDUSTRIE IMMER MEHR ZU DER \u00dcBERLEGUNG KOMMEN, DIE TORE HIER ZU SCHLIE\u00dfEN UND INS AUSLAND ABZUWANDERN DAS IN DER LAGE IST, ENERGIE ZU VERN\u00dcNFTIGEN PREISEN UND ZUVERL\u00c4SSIG ZU LIEFERN.<br \/>\nUNGARN SCHEINT DA DER PASSENDE PARTNER F\u00dcR VIELE ZU SEIN. AUDI, BMW, MERCEDES, ZF-AUTOZULIEFERER UND VIELE ANDERE DIE VON ENERGIE ABH\u00c4NGEN, DIE SIND SCHON DORT. IN UNGARN ENTSTEHT AKTUELL EINES DER GR\u00d6\u00dfTEN BATTERIEWERKE F\u00dcR PKW`S UND UNGARN IST DABEI DEN GR\u00d6\u00dfTEN ENERGIESPEICHER EUROPAS ZU BAUEN. DAZU KOMMT, DASS DIE WIRTSCHAFT RASANT W\u00c4CHST UND DER TOURISMUS GEF\u00d6RDERT WIRD.<br \/>\nErfolgreich Zukunft erleben ! Sicherheit, Lebensfreude, Wohlbefinden und Lebensqualit\u00e4t in Ungarn und auch Serbien. Nicht nur f\u00fcr Aussteiger ! <\/span><\/span><\/span><\/strong><strong><span style=\"color: #ff0000;\"><span style=\"font-family: Arial, sans-serif;\"><span style=\"font-size: medium;\">Ungarn als Steuerparadies ?<br \/>\n<\/span><\/span><\/span><\/strong><strong><span style=\"color: #000000;\"><span style=\"font-family: Arial, sans-serif;\"><span style=\"font-size: medium;\">Es ist in der \u00d6ffentlichkeit nicht weithin bekannt und manch einer denkt wahrscheinlich \u201cAuswandern nach Ungarn? Aber Ungarn ist in steuerlicher Hinsicht sowohl f\u00fcr Unternehmen, Gr\u00fcnder und Investoren als auch f\u00fcr Freelancer oder Rentner\/Pension\u00e4re durchaus ein Paradies.<br \/>\nDas liegt vor allem daran, dass Ungarn nicht \u201eoffiziell\u201c als Steuerparadies betrachtet wird. Aber die niedrige K\u00f6rperschaftsteuer, die unkomplizierten Gr\u00fcndungsgesetze und die zentrale Lage des Landes in der Europ\u00e4ischen Union machen das ungarische Unternehmen beispielsweise zu einem vorteilhaften Vehikel f\u00fcr viele ausl\u00e4ndische Investoren, insbesondere auch f\u00fcr solche von au\u00dferhalb der EU.<br \/>\nF\u00fcr eine Unternehmensgr\u00fcndung sind beispielsweise nur ein Aktion\u00e4r und ein Direktor n\u00f6tig, die ein und dieselbe Person sein k\u00f6nnen, und <\/span><\/span><\/span><\/strong><strong><span style=\"color: #ff0000;\"><span style=\"font-family: Arial, sans-serif;\"><span style=\"font-size: medium;\">nicht B\u00fcrger oder Einwohner Ungarns<\/span><\/span><\/span><\/strong><strong><span style=\"color: #000000;\"><span style=\"font-family: Arial, sans-serif;\"><span style=\"font-size: medium;\"> sein m\u00fcssen.<br \/>\nF\u00fcr Nicht-EU-Investoren ist Ungarn unter anderem deshalb so attraktiv, weil sie durch eine kosteng\u00fcnstige und steuerfreundliche EU-Gerichtsbarkeit Zugang zum europ\u00e4ischen Markt erhalten k\u00f6nnen.<br \/>\nEs hat die niedrigsten K\u00f6rperschaftsteuers\u00e4tze 9 % in der EU, die sowohl f\u00fcr Handels- als auch f\u00fcr Kapitalertr\u00e4ge gelten. Die Einkommenssteuer betr\u00e4gt 15 % !<\/span><\/span><\/span><\/strong><\/h2>\n<h3 class=\"western\" align=\"LEFT\"><strong><span style=\"color: #000000;\"><span style=\"font-family: Arial, sans-serif;\"><span style=\"font-size: medium;\">Interessant ist auch, dass es seit 2019 in Ungarn keine\u00a0Devisenkontrollen\u00a0gibt.<\/span><\/span><\/span><\/strong><\/h3>\n","protected":false},"excerpt":{"rendered":"<p>Ihr sicheres neues zu Hause in Ungarn. Mittelosteuropa, Ungarn erlebt einen finanziellen Schub durch gro\u00dfe Investitionen. Gro\u00dfe Unternehmen sind bereits schon dort ES WIRD WOHL AUCH DIE INDUSTRIE IMMER MEHR ZU DER \u00dcBERLEGUNG KOMMEN, DIE TORE HIER ZU SCHLIE\u00dfEN UND INS AUSLAND ABZUWANDERN DAS IN DER LAGE IST, ENERGIE ZU VERN\u00dcNFTIGEN PREISEN UND ZUVERL\u00c4SSIG ZU [&hellip;]<\/p>\n","protected":false},"author":1,"featured_media":0,"parent":0,"menu_order":0,"comment_status":"closed","ping_status":"closed","template":"","meta":{"om_disable_all_campaigns":false,"_monsterinsights_skip_tracking":false,"_monsterinsights_sitenote_active":false,"_monsterinsights_sitenote_note":"","_monsterinsights_sitenote_category":0,"footnotes":""},"class_list":["post-291","page","type-page","status-publish","hentry"],"aioseo_notices":[],"amp_enabled":true,"_links":{"self":[{"href":"https:\/\/ungarn-immobilien.the-visitor.de\/index.php?rest_route=\/wp\/v2\/pages\/291","targetHints":{"allow":["GET"]}}],"collection":[{"href":"https:\/\/ungarn-immobilien.the-visitor.de\/index.php?rest_route=\/wp\/v2\/pages"}],"about":[{"href":"https:\/\/ungarn-immobilien.the-visitor.de\/index.php?rest_route=\/wp\/v2\/types\/page"}],"author":[{"embeddable":true,"href":"https:\/\/ungarn-immobilien.the-visitor.de\/index.php?rest_route=\/wp\/v2\/users\/1"}],"replies":[{"embeddable":true,"href":"https:\/\/ungarn-immobilien.the-visitor.de\/index.php?rest_route=%2Fwp%2Fv2%2Fcomments&post=291"}],"version-history":[{"count":1,"href":"https:\/\/ungarn-immobilien.the-visitor.de\/index.php?rest_route=\/wp\/v2\/pages\/291\/revisions"}],"predecessor-version":[{"id":293,"href":"https:\/\/ungarn-immobilien.the-visitor.de\/index.php?rest_route=\/wp\/v2\/pages\/291\/revisions\/293"}],"wp:attachment":[{"href":"https:\/\/ungarn-immobilien.the-visitor.de\/index.php?rest_route=%2Fwp%2Fv2%2Fmedia&parent=291"}],"curies":[{"name":"wp","href":"https:\/\/api.w.org\/{rel}","templated":true}]}}